{"id":3274,"date":"2023-10-27T11:47:14","date_gmt":"2023-10-27T09:47:14","guid":{"rendered":"https:\/\/reyrosa.es\/shop\/?page_id=3274"},"modified":"2023-11-07T13:33:59","modified_gmt":"2023-11-07T12:33:59","slug":"proteccion-de-datos","status":"publish","type":"page","link":"https:\/\/reyrosa.es\/shop\/proteccion-de-datos\/","title":{"rendered":"Protecci\u00f3n de datos"},"content":{"rendered":"<div class=\"wpb-content-wrapper\"><p>[vc_row full_width=\u00bbstretch_row_content_no_spaces\u00bb no_padding=\u00bbyes\u00bb equal_height=\u00bbyes\u00bb content_placement=\u00bbmiddle\u00bb is_section=\u00bbyes\u00bb section_skin=\u00bbparallax\u00bb remove_border=\u00bbyes\u00bb conditional_render=\u00bb%5B%7B%22value_role%22%3A%22administrator%22%7D%5D\u00bb css=\u00bb.vc_custom_1699358844553{margin-top: 0px !important;margin-bottom: 0px !important;padding-top: 100px !important;padding-bottom: 100px !important;padding-left: 40px !important;background-image: url(https:\/\/reyrosa.es\/shop\/wp-content\/uploads\/2023\/11\/reyrosa-banner.jpg?id=3443) !important;background-position: center !important;background-repeat: no-repeat !important;background-size: cover !important;}\u00bb][vc_column css=\u00bb.vc_custom_1699358881674{margin-top: 0px !important;margin-bottom: 0px !important;padding-top: 0px !important;padding-bottom: 0px !important;}\u00bb conditional_render=\u00bb%5B%7B%22value_role%22%3A%22administrator%22%7D%5D\u00bb][vc_column_text]<\/p>\n<h2 style=\"text-align: center;\"><span style=\"color: #ffffff;\">PROTECCI\u00d3N DE DATOS<\/span><\/h2>\n<p>[\/vc_column_text][\/vc_column][\/vc_row][vc_row][vc_column][vc_column_text]<strong>POL\u00cdTICA DE PRIVACIDAD CONFORME AL REGLAMENTO UE 2016\/679<\/strong><\/p>\n<ol>\n<li><strong>\u00bfQUI\u00c9N ES EL RESPONSABLE DEL TRATAMIENTO DE SUS DATOS?<\/strong><\/li>\n<\/ol>\n<ul>\n<li><strong>Nombre<\/strong> \u2192<strong><span style=\"font-family: theseasons-reg; font-size: 18px;\"> COMPA\u00d1\u00cdA HORTOFRUTICOLA DE NIJAR REYROSA S.L.<\/span><\/strong><\/li>\n<li><strong>CIF<\/strong> \u2192 B-98562788<\/li>\n<li><strong>Direcci\u00f3n Postal<\/strong> \u2192 \u00a0Diseminado Cortijo Abajo, 70. C.P 04150 Cabo de Gata (Almer\u00eda)<\/li>\n<li><strong>Correo Electr\u00f3nico<\/strong>\u00a0\u2192<a href=\"mailto:administracion@reyrosa.es\" target=\"_blank\" rel=\"noopener noreferrer\">administracion@reyrosa.es<\/a><\/li>\n<li><\/li>\n<\/ul>\n<p><strong>P\u00e1gina Web<\/strong>\u00a0\u2192<span style=\"color: #ff0000;\"> www.reyrosa.es<\/span><\/p>\n<p>&nbsp;<\/p>\n<ol start=\"2\">\n<li><strong>\u00bfCON QU\u00c9 FINALIDAD TRATAMOS SUS DATOS?<\/strong><\/li>\n<\/ol>\n<p>A continuaci\u00f3n, se detallan las distintas finalidades del tratamiento por parte de la empresa COMPA\u00d1\u00cdA HORTOFRUTICOLA DE NIJAR REYROSA S.L.<\/p>\n<p><em><u>\u00a0FINALIDAD 1: Prestaci\u00f3n de Servicios relativos al Sector Agr\u00edcola<\/u><\/em><\/p>\n<p>Dentro de esta finalidad se engloban las diferentes actividades que resulten necesarias e inherentes a la prestaci\u00f3n de los servicios o productos:<\/p>\n<p>\u2013 Comercializaci\u00f3n de productos hortofrut\u00edcolas.<\/p>\n<p><u>FINALIDAD 2: Env\u00edo de circulares informativas<\/u>.<\/p>\n<p>Dentro de esta finalidad se engloba el uso de sus datos personales para enviarle comunicaciones electr\u00f3nicas con circulares informativas sobre novedades del sector.\u00a0\u00a0\u00a0\u00a0\u00a0\u00a0\u00a0\u00a0\u00a0\u00a0\u00a0\u00a0\u00a0\u00a0\u00a0 En cualquier momento se permitir\u00e1 al cliente cursar la baja de estas circulares informativas.<\/p>\n<p><em><u>FINALIDAD 3: Env\u00edo de Informaci\u00f3n y\/o Publicidad de nuestros productos o servicios.<\/u><\/em><\/p>\n<p>Dentro de esta finalidad se engloba el uso de sus datos personales para enviarle comunicaciones relacionadas con la prestaci\u00f3n, mejora y actualizaci\u00f3n de nuestros servicios, as\u00ed como informaci\u00f3n publicitaria sobre promociones aplicables al producto\/servicio, o env\u00edo de informaci\u00f3n relativa a normativas e innovaciones del sector.<\/p>\n<p>Esta informaci\u00f3n publicitaria ser\u00e1 remitida por cualquier canal (mensajes de WhatsApp, correos electr\u00f3nicos, llamadas telef\u00f3nicas, etc.). En cualquier momento se permitir\u00e1 al cliente oponerse al env\u00edo de nuevas comunicaciones comerciales pudiendo hacer uso de este derecho a trav\u00e9s de la direcci\u00f3n de correo electr\u00f3nico expuesta en el punto 1.<\/p>\n<p><em><u>FINALIDAD 4: Desarrollo de acciones comerciales sobre productos y servicios ofrecidos por terceras empresas pertenecientes a otros sectores.<\/u><\/em><\/p>\n<p>En caso de que preste su consentimiento, podremos desarrollar acciones comerciales con el objetivo de hacerle llegar, por cualquier canal de comunicaci\u00f3n, ofertas sobre productos y servicios de terceras empresas que puedan resultar de su inter\u00e9s.<\/p>\n<p><em><u>FINALIDAD 5: Analizar los datos de tr\u00e1fico, facturaci\u00f3n, navegaci\u00f3n y geolocalizaci\u00f3n del cliente para desarrollar acciones comerciales.<\/u><\/em><\/p>\n<p>En caso de que preste su consentimiento, podremos analizar los datos de tr\u00e1fico, facturaci\u00f3n navegaci\u00f3n y geolocalizaci\u00f3n del cliente para lograr una mayor informaci\u00f3n sobre sus gustos, h\u00e1bitos de consumo y necesidades, as\u00ed poder desarrollar acciones comerciales m\u00e1s eficientes.<\/p>\n<p><em><u>FINALIDAD 6: Cesi\u00f3n de sus datos a empresas para la prestaci\u00f3n del servicio.<\/u><\/em><\/p>\n<p>COMPA\u00d1\u00cdA HORTOFRUTICOLA DE NIJAR REYROSA S.L. podr\u00e1 ceder sus datos a empresas estrictamente necesarias para la ejecuci\u00f3n de los productos o servicios contratados por usted como por ej.: Empresas de Transporte.<\/p>\n<p><em><u>FINALIDAD 7: Comunicar los datos de impago<\/u><\/em><\/p>\n<p>En caso de no atender a sus obligaciones econ\u00f3micas, generando una deuda cierta, vencida y exigible y previo requerimiento de pago. Se le informa que procederemos a comunicar sus datos identificativos y los datos relativos a la deuda a todas aquellas entidades encargadas del asesoramiento, gesti\u00f3n y tramitaci\u00f3n de impagos, de acuerdo con la legislaci\u00f3n vigente.<strong>\u00a0<\/strong><\/p>\n<ol start=\"3\">\n<li><strong>\u00bfBAJO QU\u00c9 LEGITIMACI\u00d3N TRATAMOS SUS DATOS?<\/strong><\/li>\n<\/ol>\n<p>La base legal para el tratamiento de sus datos es la ejecuci\u00f3n del contrato de prestaci\u00f3n de servicios y cualquier cesi\u00f3n estrictamente necesaria para el cumplimiento de dicho prop\u00f3sito. El env\u00edo de comunicaciones comerciales, cesiones de datos a terceros y captaci\u00f3n\/uso de im\u00e1genes estar\u00e1 legitimado bajo las autorizaciones de consentimientos expresos otorgadas por usted.<\/p>\n<ol start=\"4\">\n<li><strong>\u00bfPOR CU\u00c1NTO TIEMPO CONSERVAREMOS SUS DATOS?<\/strong><\/li>\n<\/ol>\n<p>Los datos personales proporcionados se conservar\u00e1n mientras dure la relaci\u00f3n contractual entre las partes o durante los a\u00f1os necesarios para el cumplimiento de las obligaciones legales. La empresa aplicar\u00e1 el protocolo de eliminaci\u00f3n y borrado de datos conforme a los dispuesto en la normativa de protecci\u00f3n de datos. En cualquier caso, si al finalizar la relaci\u00f3n contractual existieran litigios pendientes, los datos podr\u00e1n conservarse hasta el momento en el que se produzca la resoluci\u00f3n definitiva.<\/p>\n<ol start=\"5\">\n<li><strong>\u00bfA QUI\u00c9N COMUNICAMOS SUS DATOS?<\/strong><strong>\u00a0<\/strong><\/li>\n<\/ol>\n<p>COMPA\u00d1\u00cdA HORTOFRUTICOLA DE NIJAR REYROSA S.L. \u00a0podr\u00e1 ceder sus datos a empresas para fines administrativos o de cumplimiento legal (asesor\u00eda, mutuas, aseguradoras, entidades bancarias, administraciones p\u00fablicas etc.)<\/p>\n<p>COMPA\u00d1\u00cdA HORTOFRUTICOLA DE NIJAR REYROSA S.L. podr\u00e1 ceder sus datos a todas aquellas empresas necesarias para la ejecuci\u00f3n del servicio contratado (Empresas de Transporte) o para la reclamaci\u00f3n de impagos.<\/p>\n<ol start=\"6\">\n<li><strong>\u00bfDE D\u00d3NDE OBTENEMOS SUS DATOS?<\/strong><\/li>\n<\/ol>\n<p>COMPA\u00d1\u00cdA HORTOFRUTICOLA DE NIJAR REYROSA S.L. ha podido obtener sus datos de car\u00e1cter personal a trav\u00e9s de alguna de las siguientes fuentes:<\/p>\n<p>\u2013 A trav\u00e9s del cliente \u2192 Datos proporcionados de forma directa por el cliente<\/p>\n<p>\u2013 A trav\u00e9s de Fuentes P\u00fablicas \u2192 Datos obtenidos a trav\u00e9s de diversas fuentes p\u00fablicas como administraciones p\u00fablicas, revistas, tarjetas de visita, colegios profesionales, publicaciones online, p\u00e1ginas web, redes sociales, gu\u00edas telef\u00f3nicas etc.<\/p>\n<ol start=\"7\">\n<li><strong>\u00bfCU\u00c1LES SON SUS DERECHOS?<\/strong><\/li>\n<\/ol>\n<p>En cumplimiento con lo dispuesto en el Art 22 del Reglamento General de Protecci\u00f3n de Datos de la UE 2016\/679 usted podr\u00e1 ejercitar cualquiera de los siguientes derechos:<\/p>\n<p>\u2013 Derecho de Acceso: Conocer qu\u00e9 tipo de datos estamos tratando y las caracter\u00edsticas del tratamiento que estamos llevando a cabo.<\/p>\n<p>\u2013 Derecho de Rectificaci\u00f3n: Poder solicitar la modificaci\u00f3n de sus datos por ser estos inexactos o no veraces.<\/p>\n<p>\u2013 Derecho de Portabilidad: Poder obtener una copia de mi informaci\u00f3n e un formato automatizado y f\u00e1cil de exportar.<\/p>\n<p>\u2013 Derecho de Limitaci\u00f3n: Poder limitar el tratamiento de mis datos seg\u00fan los casos recogidos en la Ley.<\/p>\n<p>\u2013 Derecho de Supresi\u00f3n: Solicitar la supresi\u00f3n de sus datos cuando el tratamiento ya no resulte necesario.<\/p>\n<p>\u2013 Derecho de Oposici\u00f3n: Solicitar el cese en el env\u00edo de comunicaciones comerciales en los t\u00e9rminos antes se\u00f1alados.<\/p>\n<p>\u2013 Derecho de Revocaci\u00f3n de los Consentimientos Expresos: Poder revocar mis consentimientos y autorizaciones en el plazo de 10 d\u00edas.<\/p>\n<p>\u2013 Derecho a interponer una reclamaci\u00f3n frente a la autoridad de control (en Espa\u00f1a la AEPD)<\/p>\n<p>Podr\u00e1 ejercitar cualquiera de los derechos mencionados anteriormente mediante correo electr\u00f3nico a la direcci\u00f3n\u00a0<a href=\"mailto:administracion@reyrosa.es\" target=\"_blank\" rel=\"noopener noreferrer\">administracion@reyrosa.es<\/a>\u00a0e indicando textualmente en el asunto el derecho a ejercitar seguido de su nombre completo.<\/p>\n<p>[\/vc_column_text][\/vc_column][\/vc_row]<\/p>\n<\/div>","protected":false},"excerpt":{"rendered":"<p>[vc_row full_width=\u00bbstretch_row_content_no_spaces\u00bb no_padding=\u00bbyes\u00bb equal_height=\u00bbyes\u00bb content_placement=\u00bbmiddle\u00bb is_section=\u00bbyes\u00bb section_skin=\u00bbparallax\u00bb remove_border=\u00bbyes\u00bb conditional_render=\u00bb%5B%7B%22value_role%22%3A%22administrator%22%7D%5D\u00bb css=\u00bb.vc_custom_1699358844553{margin-top: 0px !important;margin-bottom: 0px !important;padding-top: 100px !important;padding-bottom: 100px !important;padding-left: 40px !important;background-image: url(https:\/\/reyrosa.es\/shop\/wp-content\/uploads\/2023\/11\/reyrosa-banner.jpg?id=3443) !important;background-position: center !important;background-repeat: no-repeat !important;background-size: cover !important;}\u00bb][vc_column css=\u00bb.vc_custom_1699358881674{margin-top: 0px !important;margin-bottom: 0px !important;padding-top: 0px !important;padding-bottom: 0px !important;}\u00bb conditional_render=\u00bb%5B%7B%22value_role%22%3A%22administrator%22%7D%5D\u00bb][vc_column_text] PROTECCI\u00d3N DE DATOS [\/vc_column_text][\/vc_column][\/vc_row][vc_row][vc_column][vc_column_text]POL\u00cdTICA DE PRIVACIDAD CONFORME AL REGLAMENTO UE 2016\/679 \u00bfQUI\u00c9N ES EL RESPONSABLE DEL TRATAMIENTO DE SUS DATOS? Nombre \u2192 COMPA\u00d1\u00cdA HORTOFRUTICOLA DE NIJAR REYROSA S.L. CIF \u2192 B-98562788 Direcci\u00f3n Postal \u2192 \u00a0Diseminado Cortijo Abajo, 70. C.P 04150 Cabo de Gata (Almer\u00eda) Correo Electr\u00f3nico\u00a0\u2192administracion@reyrosa.es P\u00e1gina Web\u00a0\u2192 www.reyrosa.es &nbsp; \u00bfCON QU\u00c9 FINALIDAD TRATAMOS SUS DATOS? A continuaci\u00f3n, se detallan las distintas finalidades del tratamiento por parte de la empresa COMPA\u00d1\u00cdA HORTOFRUTICOLA DE NIJAR REYROSA S.L. \u00a0FINALIDAD 1: Prestaci\u00f3n de Servicios relativos al Sector Agr\u00edcola Dentro de esta finalidad se engloban las diferentes actividades que resulten necesarias e inherentes a la prestaci\u00f3n de los servicios o productos: \u2013 Comercializaci\u00f3n de productos hortofrut\u00edcolas. FINALIDAD 2: Env\u00edo de circulares informativas. Dentro de esta finalidad se engloba el uso de sus datos personales para enviarle comunicaciones electr\u00f3nicas con circulares informativas sobre novedades del sector.\u00a0\u00a0\u00a0\u00a0\u00a0\u00a0\u00a0\u00a0\u00a0\u00a0\u00a0\u00a0\u00a0\u00a0\u00a0 En cualquier momento se permitir\u00e1 al cliente cursar la baja de estas circulares informativas. FINALIDAD 3: Env\u00edo de Informaci\u00f3n y\/o Publicidad [&hellip;]<\/p>\n","protected":false},"author":1,"featured_media":0,"parent":0,"menu_order":0,"comment_status":"closed","ping_status":"open","template":"","meta":{"footnotes":""},"acf":[],"_links":{"self":[{"href":"https:\/\/reyrosa.es\/shop\/wp-json\/wp\/v2\/pages\/3274"}],"collection":[{"href":"https:\/\/reyrosa.es\/shop\/wp-json\/wp\/v2\/pages"}],"about":[{"href":"https:\/\/reyrosa.es\/shop\/wp-json\/wp\/v2\/types\/page"}],"author":[{"embeddable":true,"href":"https:\/\/reyrosa.es\/shop\/wp-json\/wp\/v2\/users\/1"}],"replies":[{"embeddable":true,"href":"https:\/\/reyrosa.es\/shop\/wp-json\/wp\/v2\/comments?post=3274"}],"version-history":[{"count":2,"href":"https:\/\/reyrosa.es\/shop\/wp-json\/wp\/v2\/pages\/3274\/revisions"}],"predecessor-version":[{"id":3454,"href":"https:\/\/reyrosa.es\/shop\/wp-json\/wp\/v2\/pages\/3274\/revisions\/3454"}],"wp:attachment":[{"href":"https:\/\/reyrosa.es\/shop\/wp-json\/wp\/v2\/media?parent=3274"}],"curies":[{"name":"wp","href":"https:\/\/api.w.org\/{rel}","templated":true}]}}